{"id":3909,"date":"2025-06-12T21:05:40","date_gmt":"2025-06-12T19:05:40","guid":{"rendered":"https:\/\/www.gruppogimoka.com\/?page_id=3909"},"modified":"2026-02-10T11:33:12","modified_gmt":"2026-02-10T10:33:12","slug":"sustainability","status":"publish","type":"page","link":"https:\/\/www.gruppogimoka.com\/en\/sustainability\/","title":{"rendered":"Sustainability"},"content":{"rendered":"","protected":false},"excerpt":{"rendered":"","protected":false},"author":1,"featured_media":0,"parent":0,"menu_order":0,"comment_status":"closed","ping_status":"closed","template":"","meta":{"_acf_changed":true,"footnotes":""},"class_list":["post-3909","page","type-page","status-publish","hentry"],"acf":[],"yoast_head":"<!-- This site is optimized with the Yoast SEO plugin v24.2 - https:\/\/yoast.com\/wordpress\/plugins\/seo\/ -->\n<title>Qualit\u00e0 Gimoka, Scopri le nostre Certificazioni<\/title>\n<meta name=\"description\" content=\"Gruppo Gimoka \u00e8 certificato BRC, IFS e attento alla qualit\u00e0 e sicurezza agroalimentare dei prodotti e dei processi produttivi.\" \/>\n<meta name=\"robots\" content=\"index, follow, max-snippet:-1, max-image-preview:large, max-video-preview:-1\" \/>\n<link rel=\"canonical\" href=\"https:\/\/www.gruppogimoka.com\/en\/sustainability\/\" \/>\n<meta property=\"og:locale\" content=\"en_US\" \/>\n<meta property=\"og:type\" content=\"article\" \/>\n<meta property=\"og:title\" content=\"Qualit\u00e0 Gimoka, Scopri le nostre Certificazioni\" \/>\n<meta property=\"og:description\" content=\"Gruppo Gimoka \u00e8 certificato BRC, IFS e attento alla qualit\u00e0 e sicurezza agroalimentare dei prodotti e dei processi produttivi.\" \/>\n<meta property=\"og:url\" content=\"https:\/\/www.gruppogimoka.com\/en\/sustainability\/\" \/>\n<meta property=\"og:site_name\" content=\"Gruppo Gimoka\" \/>\n<meta property=\"article:modified_time\" content=\"2026-02-10T10:33:12+00:00\" \/>\n<meta name=\"twitter:card\" content=\"summary_large_image\" \/>\n<script type=\"application\/ld+json\" class=\"yoast-schema-graph\">{\"@context\":\"https:\/\/schema.org\",\"@graph\":[{\"@type\":\"WebPage\",\"@id\":\"https:\/\/www.gruppogimoka.com\/en\/sustainability\/\",\"url\":\"https:\/\/www.gruppogimoka.com\/en\/sustainability\/\",\"name\":\"Qualit\u00e0 Gimoka, Scopri le nostre Certificazioni\",\"isPartOf\":{\"@id\":\"https:\/\/www.gruppogimoka.com\/#website\"},\"datePublished\":\"2025-06-12T19:05:40+00:00\",\"dateModified\":\"2026-02-10T10:33:12+00:00\",\"description\":\"Gruppo Gimoka \u00e8 certificato BRC, IFS e attento alla qualit\u00e0 e sicurezza agroalimentare dei prodotti e dei processi produttivi.\",\"breadcrumb\":{\"@id\":\"https:\/\/www.gruppogimoka.com\/en\/sustainability\/#breadcrumb\"},\"inLanguage\":\"en-US\",\"potentialAction\":[{\"@type\":\"ReadAction\",\"target\":[\"https:\/\/www.gruppogimoka.com\/en\/sustainability\/\"]}]},{\"@type\":\"BreadcrumbList\",\"@id\":\"https:\/\/www.gruppogimoka.com\/en\/sustainability\/#breadcrumb\",\"itemListElement\":[{\"@type\":\"ListItem\",\"position\":1,\"name\":\"Home\",\"item\":\"https:\/\/www.gruppogimoka.com\/en\/\"},{\"@type\":\"ListItem\",\"position\":2,\"name\":\"Sustainability\"}]},{\"@type\":\"WebSite\",\"@id\":\"https:\/\/www.gruppogimoka.com\/#website\",\"url\":\"https:\/\/www.gruppogimoka.com\/\",\"name\":\"Gruppo Gimoka\",\"description\":\"\",\"potentialAction\":[{\"@type\":\"SearchAction\",\"target\":{\"@type\":\"EntryPoint\",\"urlTemplate\":\"https:\/\/www.gruppogimoka.com\/?s={search_term_string}\"},\"query-input\":{\"@type\":\"PropertyValueSpecification\",\"valueRequired\":true,\"valueName\":\"search_term_string\"}}],\"inLanguage\":\"en-US\"}]}<\/script>\n<!-- \/ Yoast SEO plugin. -->","yoast_head_json":{"title":"Qualit\u00e0 Gimoka, Scopri le nostre Certificazioni","description":"Gruppo Gimoka \u00e8 certificato BRC, IFS e attento alla qualit\u00e0 e sicurezza agroalimentare dei prodotti e dei processi produttivi.","robots":{"index":"index","follow":"follow","max-snippet":"max-snippet:-1","max-image-preview":"max-image-preview:large","max-video-preview":"max-video-preview:-1"},"canonical":"https:\/\/www.gruppogimoka.com\/en\/sustainability\/","og_locale":"en_US","og_type":"article","og_title":"Qualit\u00e0 Gimoka, Scopri le nostre Certificazioni","og_description":"Gruppo Gimoka \u00e8 certificato BRC, IFS e attento alla qualit\u00e0 e sicurezza agroalimentare dei prodotti e dei processi produttivi.","og_url":"https:\/\/www.gruppogimoka.com\/en\/sustainability\/","og_site_name":"Gruppo Gimoka","article_modified_time":"2026-02-10T10:33:12+00:00","twitter_card":"summary_large_image","schema":{"@context":"https:\/\/schema.org","@graph":[{"@type":"WebPage","@id":"https:\/\/www.gruppogimoka.com\/en\/sustainability\/","url":"https:\/\/www.gruppogimoka.com\/en\/sustainability\/","name":"Qualit\u00e0 Gimoka, Scopri le nostre Certificazioni","isPartOf":{"@id":"https:\/\/www.gruppogimoka.com\/#website"},"datePublished":"2025-06-12T19:05:40+00:00","dateModified":"2026-02-10T10:33:12+00:00","description":"Gruppo Gimoka \u00e8 certificato BRC, IFS e attento alla qualit\u00e0 e sicurezza agroalimentare dei prodotti e dei processi produttivi.","breadcrumb":{"@id":"https:\/\/www.gruppogimoka.com\/en\/sustainability\/#breadcrumb"},"inLanguage":"en-US","potentialAction":[{"@type":"ReadAction","target":["https:\/\/www.gruppogimoka.com\/en\/sustainability\/"]}]},{"@type":"BreadcrumbList","@id":"https:\/\/www.gruppogimoka.com\/en\/sustainability\/#breadcrumb","itemListElement":[{"@type":"ListItem","position":1,"name":"Home","item":"https:\/\/www.gruppogimoka.com\/en\/"},{"@type":"ListItem","position":2,"name":"Sustainability"}]},{"@type":"WebSite","@id":"https:\/\/www.gruppogimoka.com\/#website","url":"https:\/\/www.gruppogimoka.com\/","name":"Gruppo Gimoka","description":"","potentialAction":[{"@type":"SearchAction","target":{"@type":"EntryPoint","urlTemplate":"https:\/\/www.gruppogimoka.com\/?s={search_term_string}"},"query-input":{"@type":"PropertyValueSpecification","valueRequired":true,"valueName":"search_term_string"}}],"inLanguage":"en-US"}]}},"_links":{"self":[{"href":"https:\/\/www.gruppogimoka.com\/en\/wp-json\/wp\/v2\/pages\/3909","targetHints":{"allow":["GET"]}}],"collection":[{"href":"https:\/\/www.gruppogimoka.com\/en\/wp-json\/wp\/v2\/pages"}],"about":[{"href":"https:\/\/www.gruppogimoka.com\/en\/wp-json\/wp\/v2\/types\/page"}],"author":[{"embeddable":true,"href":"https:\/\/www.gruppogimoka.com\/en\/wp-json\/wp\/v2\/users\/1"}],"replies":[{"embeddable":true,"href":"https:\/\/www.gruppogimoka.com\/en\/wp-json\/wp\/v2\/comments?post=3909"}],"version-history":[{"count":0,"href":"https:\/\/www.gruppogimoka.com\/en\/wp-json\/wp\/v2\/pages\/3909\/revisions"}],"wp:attachment":[{"href":"https:\/\/www.gruppogimoka.com\/en\/wp-json\/wp\/v2\/media?parent=3909"}],"curies":[{"name":"wp","href":"https:\/\/api.w.org\/{rel}","templated":true}]}}