{"id":4140,"date":"2025-12-18T14:48:19","date_gmt":"2025-12-18T13:48:19","guid":{"rendered":"https:\/\/www.gruppogimoka.com\/producteur-de-cafe-en-marque-blanche\/"},"modified":"2026-01-21T10:03:24","modified_gmt":"2026-01-21T09:03:24","slug":"cafe-en-marque-blanche","status":"publish","type":"page","link":"https:\/\/www.gruppogimoka.com\/fr\/cafe-en-marque-blanche\/","title":{"rendered":"Producteur de caf\u00e9 en marque blanche"},"content":{"rendered":"","protected":false},"excerpt":{"rendered":"","protected":false},"author":1,"featured_media":0,"parent":0,"menu_order":0,"comment_status":"closed","ping_status":"closed","template":"","meta":{"_acf_changed":true,"footnotes":""},"class_list":["post-4140","page","type-page","status-publish","hentry"],"acf":[],"yoast_head":"<!-- This site is optimized with the Yoast SEO plugin v24.2 - https:\/\/yoast.com\/wordpress\/plugins\/seo\/ -->\n<title>Producteur de caf\u00e9 en marque blanche | Capsules compostables, aluminium, plastique | Gruppo Gimoka<\/title>\n<meta name=\"description\" content=\"Gruppo Gimoka, torr\u00e9facteur italien certifi\u00e9, offre des solutions en marque distributeur pour le caf\u00e9 en grains, moulu, capsules compatibles (compostables, aluminium, plastique) et boissons solubles. Usine connect\u00e9e 4.0.\" \/>\n<meta name=\"robots\" content=\"index, follow, max-snippet:-1, max-image-preview:large, max-video-preview:-1\" \/>\n<link rel=\"canonical\" href=\"https:\/\/www.gruppogimoka.com\/fr\/cafe-en-marque-blanche\/\" \/>\n<meta property=\"og:locale\" content=\"fr_FR\" \/>\n<meta property=\"og:type\" content=\"article\" \/>\n<meta property=\"og:title\" content=\"Producteur de caf\u00e9 en marque blanche | Capsules compostables, aluminium, plastique | Gruppo Gimoka\" \/>\n<meta property=\"og:description\" content=\"Gruppo Gimoka, torr\u00e9facteur italien certifi\u00e9, offre des solutions en marque distributeur pour le caf\u00e9 en grains, moulu, capsules compatibles (compostables, aluminium, plastique) et boissons solubles. Usine connect\u00e9e 4.0.\" \/>\n<meta property=\"og:url\" content=\"https:\/\/www.gruppogimoka.com\/fr\/cafe-en-marque-blanche\/\" \/>\n<meta property=\"og:site_name\" content=\"Gruppo Gimoka\" \/>\n<meta property=\"article:modified_time\" content=\"2026-01-21T09:03:24+00:00\" \/>\n<meta name=\"twitter:card\" content=\"summary_large_image\" \/>\n<script type=\"application\/ld+json\" class=\"yoast-schema-graph\">{\"@context\":\"https:\/\/schema.org\",\"@graph\":[{\"@type\":\"WebPage\",\"@id\":\"https:\/\/www.gruppogimoka.com\/fr\/cafe-en-marque-blanche\/\",\"url\":\"https:\/\/www.gruppogimoka.com\/fr\/cafe-en-marque-blanche\/\",\"name\":\"Producteur de caf\u00e9 en marque blanche | Capsules compostables, aluminium, plastique | Gruppo Gimoka\",\"isPartOf\":{\"@id\":\"https:\/\/www.gruppogimoka.com\/#website\"},\"datePublished\":\"2025-12-18T13:48:19+00:00\",\"dateModified\":\"2026-01-21T09:03:24+00:00\",\"description\":\"Gruppo Gimoka, torr\u00e9facteur italien certifi\u00e9, offre des solutions en marque distributeur pour le caf\u00e9 en grains, moulu, capsules compatibles (compostables, aluminium, plastique) et boissons solubles. Usine connect\u00e9e 4.0.\",\"breadcrumb\":{\"@id\":\"https:\/\/www.gruppogimoka.com\/fr\/cafe-en-marque-blanche\/#breadcrumb\"},\"inLanguage\":\"fr-FR\",\"potentialAction\":[{\"@type\":\"ReadAction\",\"target\":[\"https:\/\/www.gruppogimoka.com\/fr\/cafe-en-marque-blanche\/\"]}]},{\"@type\":\"BreadcrumbList\",\"@id\":\"https:\/\/www.gruppogimoka.com\/fr\/cafe-en-marque-blanche\/#breadcrumb\",\"itemListElement\":[{\"@type\":\"ListItem\",\"position\":1,\"name\":\"Home\",\"item\":\"https:\/\/www.gruppogimoka.com\/fr\/home\/\"},{\"@type\":\"ListItem\",\"position\":2,\"name\":\"Producteur de caf\u00e9 en marque blanche\"}]},{\"@type\":\"WebSite\",\"@id\":\"https:\/\/www.gruppogimoka.com\/#website\",\"url\":\"https:\/\/www.gruppogimoka.com\/\",\"name\":\"Gruppo Gimoka\",\"description\":\"\",\"potentialAction\":[{\"@type\":\"SearchAction\",\"target\":{\"@type\":\"EntryPoint\",\"urlTemplate\":\"https:\/\/www.gruppogimoka.com\/?s={search_term_string}\"},\"query-input\":{\"@type\":\"PropertyValueSpecification\",\"valueRequired\":true,\"valueName\":\"search_term_string\"}}],\"inLanguage\":\"fr-FR\"}]}<\/script>\n<!-- \/ Yoast SEO plugin. -->","yoast_head_json":{"title":"Producteur de caf\u00e9 en marque blanche | Capsules compostables, aluminium, plastique | Gruppo Gimoka","description":"Gruppo Gimoka, torr\u00e9facteur italien certifi\u00e9, offre des solutions en marque distributeur pour le caf\u00e9 en grains, moulu, capsules compatibles (compostables, aluminium, plastique) et boissons solubles. Usine connect\u00e9e 4.0.","robots":{"index":"index","follow":"follow","max-snippet":"max-snippet:-1","max-image-preview":"max-image-preview:large","max-video-preview":"max-video-preview:-1"},"canonical":"https:\/\/www.gruppogimoka.com\/fr\/cafe-en-marque-blanche\/","og_locale":"fr_FR","og_type":"article","og_title":"Producteur de caf\u00e9 en marque blanche | Capsules compostables, aluminium, plastique | Gruppo Gimoka","og_description":"Gruppo Gimoka, torr\u00e9facteur italien certifi\u00e9, offre des solutions en marque distributeur pour le caf\u00e9 en grains, moulu, capsules compatibles (compostables, aluminium, plastique) et boissons solubles. Usine connect\u00e9e 4.0.","og_url":"https:\/\/www.gruppogimoka.com\/fr\/cafe-en-marque-blanche\/","og_site_name":"Gruppo Gimoka","article_modified_time":"2026-01-21T09:03:24+00:00","twitter_card":"summary_large_image","schema":{"@context":"https:\/\/schema.org","@graph":[{"@type":"WebPage","@id":"https:\/\/www.gruppogimoka.com\/fr\/cafe-en-marque-blanche\/","url":"https:\/\/www.gruppogimoka.com\/fr\/cafe-en-marque-blanche\/","name":"Producteur de caf\u00e9 en marque blanche | Capsules compostables, aluminium, plastique | Gruppo Gimoka","isPartOf":{"@id":"https:\/\/www.gruppogimoka.com\/#website"},"datePublished":"2025-12-18T13:48:19+00:00","dateModified":"2026-01-21T09:03:24+00:00","description":"Gruppo Gimoka, torr\u00e9facteur italien certifi\u00e9, offre des solutions en marque distributeur pour le caf\u00e9 en grains, moulu, capsules compatibles (compostables, aluminium, plastique) et boissons solubles. Usine connect\u00e9e 4.0.","breadcrumb":{"@id":"https:\/\/www.gruppogimoka.com\/fr\/cafe-en-marque-blanche\/#breadcrumb"},"inLanguage":"fr-FR","potentialAction":[{"@type":"ReadAction","target":["https:\/\/www.gruppogimoka.com\/fr\/cafe-en-marque-blanche\/"]}]},{"@type":"BreadcrumbList","@id":"https:\/\/www.gruppogimoka.com\/fr\/cafe-en-marque-blanche\/#breadcrumb","itemListElement":[{"@type":"ListItem","position":1,"name":"Home","item":"https:\/\/www.gruppogimoka.com\/fr\/home\/"},{"@type":"ListItem","position":2,"name":"Producteur de caf\u00e9 en marque blanche"}]},{"@type":"WebSite","@id":"https:\/\/www.gruppogimoka.com\/#website","url":"https:\/\/www.gruppogimoka.com\/","name":"Gruppo Gimoka","description":"","potentialAction":[{"@type":"SearchAction","target":{"@type":"EntryPoint","urlTemplate":"https:\/\/www.gruppogimoka.com\/?s={search_term_string}"},"query-input":{"@type":"PropertyValueSpecification","valueRequired":true,"valueName":"search_term_string"}}],"inLanguage":"fr-FR"}]}},"_links":{"self":[{"href":"https:\/\/www.gruppogimoka.com\/fr\/wp-json\/wp\/v2\/pages\/4140","targetHints":{"allow":["GET"]}}],"collection":[{"href":"https:\/\/www.gruppogimoka.com\/fr\/wp-json\/wp\/v2\/pages"}],"about":[{"href":"https:\/\/www.gruppogimoka.com\/fr\/wp-json\/wp\/v2\/types\/page"}],"author":[{"embeddable":true,"href":"https:\/\/www.gruppogimoka.com\/fr\/wp-json\/wp\/v2\/users\/1"}],"replies":[{"embeddable":true,"href":"https:\/\/www.gruppogimoka.com\/fr\/wp-json\/wp\/v2\/comments?post=4140"}],"version-history":[{"count":0,"href":"https:\/\/www.gruppogimoka.com\/fr\/wp-json\/wp\/v2\/pages\/4140\/revisions"}],"wp:attachment":[{"href":"https:\/\/www.gruppogimoka.com\/fr\/wp-json\/wp\/v2\/media?parent=4140"}],"curies":[{"name":"wp","href":"https:\/\/api.w.org\/{rel}","templated":true}]}}